{"id":3362,"date":"2020-03-11T12:11:49","date_gmt":"2020-03-11T12:11:49","guid":{"rendered":"https:\/\/www.maugo.com\/condiciones-de-uso-de-la-web\/"},"modified":"2020-03-19T15:11:13","modified_gmt":"2020-03-19T15:11:13","slug":"condicions-dus-del-web","status":"publish","type":"page","link":"https:\/\/www.maugo.com\/ca\/condicions-dus-del-web\/","title":{"rendered":"CONDICIONS D&#8217;\u00daS DEL WEB"},"content":{"rendered":"<div class=\"fusion-fullwidth fullwidth-box fusion-builder-row-1 nonhundred-percent-fullwidth non-hundred-percent-height-scrolling\" style=\"--awb-border-radius-top-left:0px;--awb-border-radius-top-right:0px;--awb-border-radius-bottom-right:0px;--awb-border-radius-bottom-left:0px;--awb-padding-top:50px;--awb-padding-bottom:50px;--awb-flex-wrap:wrap;\" ><div class=\"fusion-builder-row fusion-row\"><div class=\"fusion-layout-column fusion_builder_column fusion-builder-column-0 fusion_builder_column_1_1 1_1 fusion-one-full fusion-column-first fusion-column-last\" style=\"--awb-bg-size:cover;\"><div class=\"fusion-column-wrapper fusion-column-has-shadow fusion-flex-column-wrapper-legacy\"><div class=\"fusion-text fusion-text-1\"><h2>CONDICIONS D&#8217;\u00daS DEL WEB<\/h2>\n<\/div><div class=\"fusion-text fusion-text-2\"><p><strong>1.ABAST:<\/strong><\/p>\n<p>Aquestes condicions d&#8217;\u00fas de la web s&#8217;estableixen les condicions generals que regulen tant l&#8217;acc\u00e9s, com la navegaci\u00f3, aix\u00ed com l&#8217;\u00fas dels continguts de la present web.<\/p>\n<p>La informaci\u00f3 continguda en aquesta p\u00e0gina web fa refer\u00e8ncia als serveis prestats per <strong>TALLERS MAUGO, S.A.<\/strong> Aquesta informaci\u00f3 nom\u00e9s \u00e9s a efectes enunciatius i de cap manera constitueix una oferta vinculant que obligui a l&#8217;usuari a contractar els serveis. <strong>TALLERS MAUGO, S.A.<\/strong> es reserva el dret de modificar la informaci\u00f3 aqu\u00ed continguda quan ho consideri convenient i sense previ av\u00eds, i no \u00e9s responsable de l&#8217;exactitud, insufici\u00e8ncia o autenticitat de la informaci\u00f3 subministrada.<\/p>\n<p>Al seu torn, es reserva el dret a modificar el contingut de el present document d&#8217;\u00fas de la web. Per tant, l&#8217;Usuari ha de llegir atentament aquest document en cadascuna de les ocasions en qu\u00e8 es proposi utilitzar el lloc web, ja que aquest i les seves condicions d&#8217;\u00fas recollides en el present \u00das de la web poden patir modificacions<\/p>\n<p>La prestaci\u00f3 de servei d&#8217;aquest lloc web t\u00e9 una durada limitada a el moment en qu\u00e8 l&#8217;Usuari es trobi connectat a el lloc web o a algun dels serveis que a trav\u00e9s d&#8217;aquest es faciliten.<\/p>\n<ol start=\"2\">\n<li><strong>CONDICIONS <\/strong><strong>D&#8217;\u00daS DEL WEB<\/strong><\/li>\n<\/ol>\n<p>Amb el simple acc\u00e9s, la navegaci\u00f3 o la utilitzaci\u00f3 de la p\u00e0gina web, es t\u00e9 la condici\u00f3 d&#8217;usuari. L&#8217;usuari accepta de forma plena i sense cap tipus de reserva les condicions contingudes en el present av\u00eds legal.<\/p>\n<p>L&#8217;usuari es compromet a utilitzar el lloc web juntament amb els seus serveis i continguts, de forma l\u00edcita, d&#8217;acord amb la legislaci\u00f3 vigent, els usos generalment acceptats, la bona fe i l&#8217;ordre p\u00fablic.<\/p>\n<p>L&#8217;usuari es compromet a no realitzar accions que puguin causar danys a la p\u00e0gina web, inutilitzant-la, sobrecarregant-la o deteriorant-la de qualsevol manera, o impedint als altres usuaris el lliure acc\u00e9s, utilitzaci\u00f3 o gaudi de la p\u00e0gina web.<\/p>\n<ol start=\"3\">\n<li><strong> PROPIETAT INTEL\u00b7LECTUAL I \u00daS DE CONTINGUTS:<\/strong><\/li>\n<\/ol>\n<p><strong>TALLERS MAUGO, S.A.<\/strong> \u00e9s titular dels drets de propietat intel\u00b7lectual i industrial d&#8217;aquesta p\u00e0gina web i de tots els seus continguts (a t\u00edtol merament enunciatiu: textos, fotografies i altres continguts audiovisuals, programari, disseny gr\u00e0fic, etc.) o compte amb la corresponent llic\u00e8ncia o autoritzaci\u00f3 per a el seu \u00fas. L&#8217;acc\u00e9s a la navegaci\u00f3 per i l&#8217;\u00fas d&#8217;aquest lloc web per part de l&#8217;usuari no impliquen en cap cas ren\u00fancia, transmissi\u00f3, llic\u00e8ncia ni cessi\u00f3 total o parcial d&#8217;aquells.<\/p>\n<p>Queda prohibit reproduir, modificar, reutilitzar, explotar, comunicar p\u00fablicament, carregar arxius, enviar per correu, transmetre, usar, tractar o distribuir de qualsevol forma la totalitat o part dels continguts inclosos en aquesta p\u00e0gina web per a prop\u00f2sits p\u00fablics o comercials, si no es compta amb l&#8217;autoritzaci\u00f3 expressa i per escrit de <strong>TALLERS MAUGO, S.A.<\/strong><\/p>\n<p>El logotip \u00a0\u00e9s propietat de <strong>TALLERES MAUGO, S.A.<\/strong> Queda totalment prohibida la seva reproducci\u00f3 o \u00fas sense l&#8217;autoritzaci\u00f3 per escrit del seu titular.<\/p>\n<ol start=\"4\">\n<li><strong>ENLLA\u00c7OS<\/strong><\/li>\n<\/ol>\n<p><strong>4.1.\u00a0<\/strong><strong>ENLLA\u00c7OS<\/strong><strong> A ALTRES P\u00c0GINES WEB EXTERNES:<\/strong><\/p>\n<p><strong>TALLERS MAUGO, S.A.<\/strong> rebutja la responsabilitat sobre tota informaci\u00f3 present a la World Wide Web no elaborada per <strong>TALLERS MAUGO, S.A.<\/strong> o no publicada sota el seu nom. La p\u00e0gina web pot contenir enlla\u00e7os d&#8217;hipertext cap a altres p\u00e0gines de la World Wide Web que s\u00f3n completament independents d&#8217;aquesta p\u00e0gina web. <strong>TALLERS MAUGO, S.A.<\/strong> no respondr\u00e0 o garantir\u00e0, de cap manera, l&#8217;exactitud, insufici\u00e8ncia o autenticitat de la informaci\u00f3 subministrada per qualsevol persona o entitat, f\u00edsica o jur\u00eddica, amb o sense personalitat jur\u00eddica pr\u00f2pia, a trav\u00e9s d&#8217;aquests enlla\u00e7os d&#8217;hipertext.<\/p>\n<p><strong>4.2. ENLLA\u00c7OS EXTERNS AMB DESTINACI\u00d3 A LES P\u00c0GINES WEB DE <\/strong><strong>TALLERES MAUGO, S.A.<\/strong>:<\/p>\n<p>Si qualsevol altre lloc web, usuari o entitat, desitg\u00e9s establir un enlla\u00e7 amb destinaci\u00f3 a www.maugo.com, aquest enlla\u00e7 s&#8217;haur\u00e0 de sotmetre a les condicions que a continuaci\u00f3 es detallen:<\/p>\n<ol>\n<li>L&#8217;enlla\u00e7 anir\u00e0 dirigit a la p\u00e0gina principal o a qualsevol de les seves seccions. L&#8217;enlla\u00e7, en qualsevol cas, ha de ser absolut i complet portant a l&#8217;usuari amb un sol clic a l&#8217;URL de la p\u00e0gina principal o a la URL de qualsevol de les seves seccions. L&#8217;enlla\u00e7 ha d&#8217;incloure tota l&#8217;extensi\u00f3 de pantalla de l&#8217;portal de <a href=\"https:\/\/www.maugo.com\">maugo.com<\/a><\/li>\n<li>En cap cas, excepte expressa autoritzaci\u00f3 per escrit per part de <strong>TALLERS MAUGO, S.A.<\/strong>, el lloc web que estableix l&#8217;enlla\u00e7 podr\u00e0 reproduir de qualsevol manera maugo.com, incloent-ho com a part integrant del seu web, utilitzant marcs, redireccionaments o qualsevol altra mesura que suposi ocultar l&#8217;origen de la informaci\u00f3.<\/li>\n<li>No s&#8217;autoritza l&#8217;establiment d&#8217;enlla\u00e7 a maugo.com, des de llocs web que continguin continguts il\u00b7l\u00edcits, il\u00b7legals, degradants o obscens, contravenint la moral o l&#8217;ordre p\u00fablic.<\/li>\n<\/ol>\n<p>El servei d&#8217;acc\u00e9s a el lloc web inclou dispositius t\u00e8cnics d&#8217;enlla\u00e7, directoris i fins i tot instruments de recerca que permeten l&#8217;Usuari accedir a altres p\u00e0gines i portals d&#8217;Internet (en endavant, &#8216;Llocs enlla\u00e7ats&#8217;). En aquests casos, TALLERS MAUGO, S.A. actua com a prestador de serveis d&#8217;intermediaci\u00f3 de conformitat amb la Llei de Serveis de la Informaci\u00f3 i Comer\u00e7 electr\u00f2nic i nom\u00e9s ser\u00e0 responsable dels continguts i serveis subministrats als llocs enlla\u00e7ats en la mesura que tingui coneixement efectiu de la il\u00b7licitud i no hagi desactivat l&#8217; enlla\u00e7 amb la dilig\u00e8ncia deguda. En el cas que l&#8217;Usuari consideri que existeix un Lloc Enlla\u00e7at amb continguts il\u00b7l\u00edcits o inadequats podr\u00e0 comunicar a TALLERS MAUGO, S.A. enviant un missatge a maugo@maugo.com, sense que en cap cas aquesta comunicaci\u00f3 comporti l&#8217;obligaci\u00f3 de retirar el corresponent enlla\u00e7.<\/p>\n<p>En cap cas, l&#8217;exist\u00e8ncia de Llocs Enlla\u00e7ats ha de pressuposar l&#8217;exist\u00e8ncia d&#8217;acords amb els responsables o titulars d&#8217;aquests, ni la recomanaci\u00f3, promoci\u00f3 o identificaci\u00f3 de TALLERS MAUGO, S.A. amb les manifestacions, continguts o serveis prove\u00efts.<\/p>\n<p><strong>TALLERS MAUGO, S.A.<\/strong> no coneix els continguts i serveis dels Llocs Enlla\u00e7ats i per tant no es fa responsable pels danys produ\u00efts per la il\u00b7licitud, qualitat, desactualitzaci\u00f3, indisponibilitat, error i inutilitat dels continguts i \/ o serveis dels llocs enlla\u00e7ats ni per qualsevol altre dany que no sigui directament imputable a <strong>TALLERES MAUGO, S.A.<\/strong><\/p>\n<ol start=\"5\">\n<li><strong>EXCLUSI\u00d3 DE RESPONSABILITAT:\u00a0<\/strong><\/li>\n<\/ol>\n<p>La responsabilitat en l&#8217;\u00fas d&#8217;aquest Lloc Web correspon de forma \u00fanica i exclusiva a l&#8217;Usuari.<\/p>\n<p><strong>TALLERS MAUGO, S.A.<\/strong> no es fa responsable, en cap cas, dels danys i perjudicis de qualsevol naturalesa que es poguessin causar per:<\/p>\n<ol>\n<li>La no disponibilitat, manteniment i funcionament del Lloc web o dels seus serveis o continguts, ja que requereix de subministraments i serveis de tercers.<\/li>\n<li>Els errors i omissions en la informaci\u00f3 publicada, aix\u00ed com la falta d&#8217;utilitat, adequaci\u00f3 o validesa del lloc web o dels seus serveis o continguts per satisfer necessitats, activitats o resultats concrets o expectatives dels Usuaris.<\/li>\n<\/ol>\n<p>L&#8217;acc\u00e9s al Portal no implica l&#8217;obligaci\u00f3 per part de <strong>TALLERS MAUGO, S.A.<\/strong> de controlar l&#8217;abs\u00e8ncia de virus o qualsevol altre element inform\u00e0tic dany\u00f3s. Correspon a l&#8217;Usuari, en tot cas, la disponibilitat d&#8217;eines adequades per a la detecci\u00f3 i desinfecci\u00f3 de programes inform\u00e0tics nocius. <strong>TALLERS MAUGO, S.A.<\/strong> no es responsabilitza dels danys produ\u00efts en els equips inform\u00e0tics dels Usuaris o de tercers durant l&#8217;\u00fas de el lloc web.<\/p>\n<ol start=\"6\">\n<li><strong> LEGISLACI\u00d3 I JURISDICCI\u00d3<\/strong><\/li>\n<\/ol>\n<p>Les Condicions d&#8217;\u00fas de la web es regeixen en tots i cadascun dels seus extrems per la llei espanyola i el Reglament General de Protecci\u00f3 de Dades de la Uni\u00f3 Europea. Qualsevol disputa que sorgeixi d&#8217;assumptes relacionats amb aquest lloc web est\u00e0 subjecta exclusivament a la jurisdicci\u00f3 dels tribunals de la ciutat de Barcelona.<\/p>\n<ol start=\"7\">\n<li><strong> actualiTZACI\u00d3<\/strong><\/li>\n<\/ol>\n<p>El document s&#8217;ha revisat per \u00faltima vegada al <strong>mar\u00e7 de 2020<\/strong>.<\/p>\n<\/div><div class=\"fusion-clearfix\"><\/div><\/div><\/div><\/div><\/div>\n","protected":false},"excerpt":{"rendered":"","protected":false},"author":1,"featured_media":0,"parent":0,"menu_order":0,"comment_status":"closed","ping_status":"closed","template":"","meta":{"footnotes":""},"class_list":["post-3362","page","type-page","status-publish","hentry"],"_links":{"self":[{"href":"https:\/\/www.maugo.com\/ca\/wp-json\/wp\/v2\/pages\/3362","targetHints":{"allow":["GET"]}}],"collection":[{"href":"https:\/\/www.maugo.com\/ca\/wp-json\/wp\/v2\/pages"}],"about":[{"href":"https:\/\/www.maugo.com\/ca\/wp-json\/wp\/v2\/types\/page"}],"author":[{"embeddable":true,"href":"https:\/\/www.maugo.com\/ca\/wp-json\/wp\/v2\/users\/1"}],"replies":[{"embeddable":true,"href":"https:\/\/www.maugo.com\/ca\/wp-json\/wp\/v2\/comments?post=3362"}],"version-history":[{"count":2,"href":"https:\/\/www.maugo.com\/ca\/wp-json\/wp\/v2\/pages\/3362\/revisions"}],"predecessor-version":[{"id":3365,"href":"https:\/\/www.maugo.com\/ca\/wp-json\/wp\/v2\/pages\/3362\/revisions\/3365"}],"wp:attachment":[{"href":"https:\/\/www.maugo.com\/ca\/wp-json\/wp\/v2\/media?parent=3362"}],"curies":[{"name":"wp","href":"https:\/\/api.w.org\/{rel}","templated":true}]}}