{"id":1897,"date":"2019-11-18T16:10:21","date_gmt":"2019-11-18T16:10:21","guid":{"rendered":"https:\/\/www.maugo.com\/produccio\/estampacio-progresiva-en-acer\/airbags\/"},"modified":"2020-02-20T10:47:51","modified_gmt":"2020-02-20T10:47:51","slug":"airbags","status":"publish","type":"page","link":"https:\/\/www.maugo.com\/ca\/produccio\/estampacio-progressiva-en-acer\/airbags\/","title":{"rendered":"AIRBAGS"},"content":{"rendered":"<p><div class=\"fusion-fullwidth fullwidth-box fusion-builder-row-1 fusion-parallax-none airbag-change-mobile nonhundred-percent-fullwidth non-hundred-percent-height-scrolling fusion-no-small-visibility lazyload\" style=\"--awb-border-radius-top-left:0px;--awb-border-radius-top-right:0px;--awb-border-radius-bottom-right:0px;--awb-border-radius-bottom-left:0px;--awb-padding-top:400px;--awb-padding-bottom:400px;--awb-background-color:#666666;--awb-background-size:cover;--awb-flex-wrap:wrap;\" data-bg=\"https:\/\/maugo.com\/wp-content\/uploads\/2019\/11\/Estampacion-en-pogresivo-de-acero.jpg\" ><div class=\"fusion-builder-row fusion-row\"><div class=\"fusion-layout-column fusion_builder_column fusion-builder-column-0 fusion_builder_column_1_1 1_1 fusion-one-full fusion-column-first fusion-column-last\" style=\"--awb-bg-size:cover;\"><div class=\"fusion-column-wrapper fusion-column-has-shadow fusion-flex-column-wrapper-legacy\"><div class=\"fusion-clearfix\"><\/div><\/div><\/div><\/div><\/div><div class=\"fusion-fullwidth fullwidth-box fusion-builder-row-2 fusion-parallax-none nonhundred-percent-fullwidth non-hundred-percent-height-scrolling fusion-no-medium-visibility fusion-no-large-visibility lazyload\" style=\"--awb-border-radius-top-left:0px;--awb-border-radius-top-right:0px;--awb-border-radius-bottom-right:0px;--awb-border-radius-bottom-left:0px;--awb-padding-top:400px;--awb-padding-bottom:400px;--awb-background-color:#666666;--awb-background-size:cover;--awb-flex-wrap:wrap;\" data-bg=\"https:\/\/www.maugo.com\/wp-content\/uploads\/2019\/11\/Produccion_acero_web-scaled.jpg\" ><div class=\"fusion-builder-row fusion-row\"><div class=\"fusion-layout-column fusion_builder_column fusion-builder-column-1 fusion_builder_column_1_1 1_1 fusion-one-full fusion-column-first fusion-column-last\" style=\"--awb-bg-size:cover;\"><div class=\"fusion-column-wrapper fusion-column-has-shadow fusion-flex-column-wrapper-legacy\"><div class=\"fusion-clearfix\"><\/div><\/div><\/div><\/div><\/div><div class=\"fusion-fullwidth fullwidth-box fusion-builder-row-3 nonhundred-percent-fullwidth non-hundred-percent-height-scrolling\" style=\"--awb-border-radius-top-left:0px;--awb-border-radius-top-right:0px;--awb-border-radius-bottom-right:0px;--awb-border-radius-bottom-left:0px;--awb-padding-top:0px;--awb-padding-right:0px;--awb-padding-bottom:0px;--awb-padding-left:0px;--awb-margin-top:0px;--awb-margin-bottom:0px;--awb-background-color:#333333;--awb-flex-wrap:wrap;\" ><div class=\"fusion-builder-row fusion-row\"><div class=\"fusion-layout-column fusion_builder_column fusion-builder-column-2 fusion_builder_column_1_1 1_1 fusion-one-full fusion-column-first fusion-column-last\" style=\"--awb-padding-top:0px;--awb-padding-right:0px;--awb-padding-bottom:0px;--awb-padding-left:0px;--awb-bg-size:cover;--awb-margin-bottom:0px;\"><div class=\"fusion-column-wrapper fusion-column-has-shadow fusion-flex-column-wrapper-legacy\"><nav aria-label=\"breadcrumbs\" class=\"rank-math-breadcrumb\"><p><span class=\"last\">INICIO<\/span><\/p><\/nav><div class=\"fusion-clearfix\"><\/div><\/div><\/div><\/div><\/div>\n<div class=\"fusion-fullwidth fullwidth-box fusion-builder-row-4 nonhundred-percent-fullwidth non-hundred-percent-height-scrolling fusion-equal-height-columns\" style=\"--awb-border-radius-top-left:0px;--awb-border-radius-top-right:0px;--awb-border-radius-bottom-right:0px;--awb-border-radius-bottom-left:0px;--awb-padding-top:40px;--awb-padding-bottom:75px;--awb-flex-wrap:wrap;\" ><div class=\"fusion-builder-row fusion-row\"><div class=\"fusion-layout-column fusion_builder_column fusion-builder-column-3 fusion_builder_column_1_2 1_2 fusion-one-half fusion-column-first height-m fusion-column-inner-bg-wrapper\" style=\"--awb-padding-top:30px;--awb-padding-right:0px;--awb-padding-bottom:30px;--awb-padding-left:0px;--awb-inner-bg-color:#e6e6e6;--awb-inner-bg-color-hover:#e6e6e6;--awb-inner-bg-size:cover;width:50%;width:calc(50% - ( ( 0.8% ) * 0.5 ) );margin-right: 0.8%;\"><span class=\"fusion-column-inner-bg hover-type-none\"><a class=\"fusion-column-anchor\" href=\"https:\/\/www.maugo.com\/ca\/produccio\/estampacio-progressiva-en-acer\/airbags\/soporte-del-airbag-sistema-del-airbag\/\"><span class=\"fusion-column-inner-bg-image\"><\/span><\/a><\/span><div class=\"fusion-column-wrapper fusion-column-has-shadow fusion-flex-column-wrapper-legacy\"><div class=\"fusion-text fusion-text-1 text-doc\"><h4 style=\"text-align: center;\">SUPORT DE L&#8217;AIRBAG<\/h4>\n<\/div><div class=\"fusion-image-element in-legacy-container\" style=\"--awb-caption-title-font-family:var(--h2_typography-font-family);--awb-caption-title-font-weight:var(--h2_typography-font-weight);--awb-caption-title-font-style:var(--h2_typography-font-style);--awb-caption-title-size:var(--h2_typography-font-size);--awb-caption-title-transform:var(--h2_typography-text-transform);--awb-caption-title-line-height:var(--h2_typography-line-height);--awb-caption-title-letter-spacing:var(--h2_typography-letter-spacing);\"><span class=\" fusion-imageframe imageframe-none imageframe-1 hover-type-none\"><img decoding=\"async\" width=\"2560\" height=\"1422\" title=\"Soporte-Airbag2\" src=\"https:\/\/www.maugo.com\/wp-content\/uploads\/2019\/11\/Soporte-Airbag2-scaled.jpg\" data-orig-src=\"https:\/\/maugo.com\/wp-content\/uploads\/2019\/11\/Soporte-Airbag2-scaled.jpg\" alt class=\"lazyload img-responsive wp-image-1898\" srcset=\"data:image\/svg+xml,%3Csvg%20xmlns%3D%27http%3A%2F%2Fwww.w3.org%2F2000%2Fsvg%27%20width%3D%272560%27%20height%3D%271422%27%20viewBox%3D%270%200%202560%201422%27%3E%3Crect%20width%3D%272560%27%20height%3D%271422%27%20fill-opacity%3D%220%22%2F%3E%3C%2Fsvg%3E\" data-srcset=\"https:\/\/www.maugo.com\/wp-content\/uploads\/2019\/11\/Soporte-Airbag2-200x111.jpg 200w, https:\/\/www.maugo.com\/wp-content\/uploads\/2019\/11\/Soporte-Airbag2-400x222.jpg 400w, https:\/\/www.maugo.com\/wp-content\/uploads\/2019\/11\/Soporte-Airbag2-600x333.jpg 600w, https:\/\/www.maugo.com\/wp-content\/uploads\/2019\/11\/Soporte-Airbag2-800x444.jpg 800w, https:\/\/www.maugo.com\/wp-content\/uploads\/2019\/11\/Soporte-Airbag2-1200x667.jpg 1200w, https:\/\/www.maugo.com\/wp-content\/uploads\/2019\/11\/Soporte-Airbag2-scaled.jpg 2560w\" data-sizes=\"auto\" data-orig-sizes=\"(max-width: 800px) 100vw, 2560px\" \/><\/span><\/div><div class=\"fusion-clearfix\"><\/div><\/div><\/div><div class=\"fusion-layout-column fusion_builder_column fusion-builder-column-4 fusion_builder_column_1_2 1_2 fusion-one-half fusion-column-last height-m fusion-column-inner-bg-wrapper\" style=\"--awb-padding-top:30px;--awb-padding-right:0px;--awb-padding-bottom:30px;--awb-padding-left:0px;--awb-inner-bg-color:#e6e6e6;--awb-inner-bg-color-hover:#e6e6e6;--awb-inner-bg-size:cover;width:50%;width:calc(50% - ( ( 0.8% ) * 0.5 ) );\"><span class=\"fusion-column-inner-bg hover-type-none\"><a class=\"fusion-column-anchor\" href=\"https:\/\/www.maugo.com\/ca\/produccio\/estampacio-progressiva-en-acer\/airbags\/suport-del-difusor-sistema-de-lairbag\/\"><span class=\"fusion-column-inner-bg-image\"><\/span><\/a><\/span><div class=\"fusion-column-wrapper fusion-column-has-shadow fusion-flex-column-wrapper-legacy\"><div class=\"fusion-text fusion-text-2 text-doc\"><h4 style=\"text-align: center;\">SUPORT DEL DIFUSOR<\/h4>\n<\/div><div class=\"fusion-image-element in-legacy-container\" style=\"--awb-caption-title-font-family:var(--h2_typography-font-family);--awb-caption-title-font-weight:var(--h2_typography-font-weight);--awb-caption-title-font-style:var(--h2_typography-font-style);--awb-caption-title-size:var(--h2_typography-font-size);--awb-caption-title-transform:var(--h2_typography-text-transform);--awb-caption-title-line-height:var(--h2_typography-line-height);--awb-caption-title-letter-spacing:var(--h2_typography-letter-spacing);\"><span class=\" fusion-imageframe imageframe-none imageframe-2 hover-type-none\"><img decoding=\"async\" width=\"2560\" height=\"1422\" title=\"SoporteDifusor_Airbag2\" src=\"https:\/\/www.maugo.com\/wp-content\/uploads\/2019\/11\/SoporteDifusor_Airbag2-scaled.jpg\" data-orig-src=\"https:\/\/maugo.com\/wp-content\/uploads\/2019\/11\/SoporteDifusor_Airbag2-scaled.jpg\" alt class=\"lazyload img-responsive wp-image-3003\" srcset=\"data:image\/svg+xml,%3Csvg%20xmlns%3D%27http%3A%2F%2Fwww.w3.org%2F2000%2Fsvg%27%20width%3D%272560%27%20height%3D%271422%27%20viewBox%3D%270%200%202560%201422%27%3E%3Crect%20width%3D%272560%27%20height%3D%271422%27%20fill-opacity%3D%220%22%2F%3E%3C%2Fsvg%3E\" data-srcset=\"https:\/\/www.maugo.com\/wp-content\/uploads\/2019\/11\/SoporteDifusor_Airbag2-200x111.jpg 200w, https:\/\/www.maugo.com\/wp-content\/uploads\/2019\/11\/SoporteDifusor_Airbag2-400x222.jpg 400w, https:\/\/www.maugo.com\/wp-content\/uploads\/2019\/11\/SoporteDifusor_Airbag2-600x333.jpg 600w, https:\/\/www.maugo.com\/wp-content\/uploads\/2019\/11\/SoporteDifusor_Airbag2-800x444.jpg 800w, https:\/\/www.maugo.com\/wp-content\/uploads\/2019\/11\/SoporteDifusor_Airbag2-1200x667.jpg 1200w, https:\/\/www.maugo.com\/wp-content\/uploads\/2019\/11\/SoporteDifusor_Airbag2-scaled.jpg 2560w\" data-sizes=\"auto\" data-orig-sizes=\"(max-width: 800px) 100vw, 2560px\" \/><\/span><\/div><div class=\"fusion-clearfix\"><\/div><\/div><\/div><\/div><\/div><div class=\"fusion-fullwidth fullwidth-box fusion-builder-row-5 nonhundred-percent-fullwidth non-hundred-percent-height-scrolling\" style=\"--awb-border-radius-top-left:0px;--awb-border-radius-top-right:0px;--awb-border-radius-bottom-right:0px;--awb-border-radius-bottom-left:0px;--awb-padding-top:30px;--awb-flex-wrap:wrap;\" ><div class=\"fusion-builder-row fusion-row\"><div class=\"fusion-layout-column fusion_builder_column fusion-builder-column-5 fusion_builder_column_1_1 1_1 fusion-one-full fusion-column-first fusion-column-last\" style=\"--awb-bg-size:cover;\"><div class=\"fusion-column-wrapper fusion-column-has-shadow fusion-flex-column-wrapper-legacy\"><div class=\"fusion-text fusion-text-3 title-inge-black\"><h3>ESTAMPACI\u00d3 PROGRESSIVA EN ACER<\/h3>\n<\/div><div class=\"fusion-clearfix\"><\/div><\/div><\/div><div class=\"fusion-layout-column fusion_builder_column fusion-builder-column-6 fusion_builder_column_1_1 1_1 fusion-one-full fusion-column-first fusion-column-last\" style=\"--awb-bg-size:cover;\"><div class=\"fusion-column-wrapper fusion-column-has-shadow fusion-flex-column-wrapper-legacy\"><div class=\"fusion-clearfix\"><\/div><\/div><\/div><div class=\"fusion-layout-column fusion_builder_column fusion-builder-column-7 fusion_builder_column_1_2 1_2 fusion-one-half fusion-column-first\" style=\"--awb-bg-size:cover;width:50%;width:calc(50% - ( ( 4% ) * 0.5 ) );margin-right: 4%;\"><div class=\"fusion-column-wrapper fusion-column-has-shadow fusion-flex-column-wrapper-legacy\"><div class=\"fusion-text fusion-text-4 text-inge mobile-change-p\"><p>No importa el nombre de talls, deformacions, perforacions o doblegats que necessiti la teva pe\u00e7a.<\/p>\n<p>A Maugo produ\u00efm qualsevol projecte en estampaci\u00f3 progressiva met\u00e0l\u00b7lica de manera automatitzada i, en cas de necessitar-ho, fins i tot en alta velocitat.<\/p>\n<p>Des de la bobina, passant per l\u2019encuny i la matriu fins a l\u2019acabat de la pe\u00e7a, les nostres premses d\u2019\u00faltima generaci\u00f3 s\u00f3n capaces de processar les fraccions m\u00e9s complexes del procediment d\u2019estampaci\u00f3 i lliurar un producte competitiu <span style=\"font-family: GothamBold;\">capa\u00e7 de superar les proves m\u00e9s exhaustives de seguretat i qualitat.<\/span><\/p>\n<\/div><div class=\"fusion-clearfix\"><\/div><\/div><\/div><div class=\"fusion-layout-column fusion_builder_column fusion-builder-column-8 fusion_builder_column_1_2 1_2 fusion-one-half fusion-column-last\" style=\"--awb-bg-size:cover;width:50%;width:calc(50% - ( ( 4% ) * 0.5 ) );\"><div class=\"fusion-column-wrapper fusion-column-has-shadow fusion-flex-column-wrapper-legacy\"><div class=\"fusion-clearfix\"><\/div><\/div><\/div><\/div><\/div><div class=\"fusion-fullwidth fullwidth-box fusion-builder-row-6 nonhundred-percent-fullwidth non-hundred-percent-height-scrolling\" style=\"--awb-border-radius-top-left:0px;--awb-border-radius-top-right:0px;--awb-border-radius-bottom-right:0px;--awb-border-radius-bottom-left:0px;--awb-padding-top:50px;--awb-padding-bottom:45px;--awb-flex-wrap:wrap;\" ><div class=\"fusion-builder-row fusion-row\"><div class=\"fusion-layout-column fusion_builder_column fusion-builder-column-9 fusion_builder_column_1_1 1_1 fusion-one-full fusion-column-first fusion-column-last\" style=\"--awb-padding-top:5px;--awb-padding-bottom:20px;--awb-bg-color:#fcb813;--awb-bg-color-hover:#fcb813;--awb-bg-size:cover;\"><div class=\"fusion-column-wrapper fusion-column-has-shadow fusion-flex-column-wrapper-legacy\"><div class=\"fusion-text fusion-text-5 text-doc\"><h4 style=\"text-align: center; font-size: 40px; margin-top: 5px;\">EXPLICA&#8217;NS EL TEU PROJECTE AQU\u00cd<\/h4>\n<\/div><div class=\"fusion-sep-clear\"><\/div><div class=\"fusion-separator fusion-full-width-sep\" style=\"margin-left: auto;margin-right: auto;margin-top:16px;width:100%;\"><\/div><div class=\"fusion-sep-clear\"><\/div><div class=\"fusion-aligncenter\"><a class=\"fusion-button button-flat button-xlarge button-custom fusion-button-default button-1 fusion-button-default-span fusion-button-default-type button-inge\" style=\"--button_accent_color:#000000;--button_border_color:#000000;--button_accent_hover_color:#000000;--button_border_hover_color:#000000;--button_gradient_top_color:rgba(255,255,255,0);--button_gradient_bottom_color:rgba(255,255,255,0);--button_gradient_top_color_hover:#ffffff;--button_gradient_bottom_color_hover:#ffffff;\" target=\"_self\" href=\"https:\/\/maugo.com\/index.php\/contacto\/\" rel=\"noopener\"><span class=\"fusion-button-text\">Contacta amb nosaltres<\/span><\/a><\/div><div class=\"fusion-clearfix\"><\/div><\/div><\/div><\/div><\/div>\n<\/p>\n","protected":false},"excerpt":{"rendered":"","protected":false},"author":1,"featured_media":0,"parent":1839,"menu_order":0,"comment_status":"closed","ping_status":"closed","template":"100-width.php","meta":{"footnotes":""},"class_list":["post-1897","page","type-page","status-publish","hentry"],"_links":{"self":[{"href":"https:\/\/www.maugo.com\/ca\/wp-json\/wp\/v2\/pages\/1897","targetHints":{"allow":["GET"]}}],"collection":[{"href":"https:\/\/www.maugo.com\/ca\/wp-json\/wp\/v2\/pages"}],"about":[{"href":"https:\/\/www.maugo.com\/ca\/wp-json\/wp\/v2\/types\/page"}],"author":[{"embeddable":true,"href":"https:\/\/www.maugo.com\/ca\/wp-json\/wp\/v2\/users\/1"}],"replies":[{"embeddable":true,"href":"https:\/\/www.maugo.com\/ca\/wp-json\/wp\/v2\/comments?post=1897"}],"version-history":[{"count":6,"href":"https:\/\/www.maugo.com\/ca\/wp-json\/wp\/v2\/pages\/1897\/revisions"}],"predecessor-version":[{"id":3266,"href":"https:\/\/www.maugo.com\/ca\/wp-json\/wp\/v2\/pages\/1897\/revisions\/3266"}],"up":[{"embeddable":true,"href":"https:\/\/www.maugo.com\/ca\/wp-json\/wp\/v2\/pages\/1839"}],"wp:attachment":[{"href":"https:\/\/www.maugo.com\/ca\/wp-json\/wp\/v2\/media?parent=1897"}],"curies":[{"name":"wp","href":"https:\/\/api.w.org\/{rel}","templated":true}]}}